{"id":27,"date":"2025-08-18T20:29:43","date_gmt":"2025-08-18T18:29:43","guid":{"rendered":"https:\/\/mlatilikzsolt.hu\/?page_id=27"},"modified":"2025-08-25T21:28:11","modified_gmt":"2025-08-25T19:28:11","slug":"about_me","status":"publish","type":"page","link":"https:\/\/mlatilikzsolt.hu\/en\/about_me\/","title":{"rendered":"About Me"},"content":{"rendered":"<div class=\"wp-block-group alignfull is-style-section-1 has-global-padding is-layout-constrained wp-container-core-group-is-layout-cdf985e3 wp-block-group-is-layout-constrained is-style-section-1--1\" style=\"min-height:100vh;margin-top:0;margin-bottom:0;padding-top:var(--wp--preset--spacing--80);padding-right:var(--wp--preset--spacing--80);padding-bottom:var(--wp--preset--spacing--80);padding-left:var(--wp--preset--spacing--80)\">\n<div class=\"wp-block-columns alignwide are-vertically-aligned-center is-layout-flex wp-container-core-columns-is-layout-643ced6b wp-block-columns-is-layout-flex\">\n<div class=\"wp-block-column is-vertically-aligned-center is-layout-flow wp-block-column-is-layout-flow\">\n<figure class=\"wp-block-image aligncenter size-full has-custom-border\"><img loading=\"lazy\" decoding=\"async\" width=\"2560\" height=\"1699\" src=\"https:\/\/mlatilikzsolt.hu\/wp-content\/uploads\/2025\/08\/Mlatilik-Zsolt-scaled.jpg\" alt=\"\" class=\"wp-image-28\" style=\"border-top-left-radius:150px;border-bottom-right-radius:150px;object-fit:cover\" srcset=\"https:\/\/mlatilikzsolt.hu\/wp-content\/uploads\/2025\/08\/Mlatilik-Zsolt-scaled.jpg 2560w, https:\/\/mlatilikzsolt.hu\/wp-content\/uploads\/2025\/08\/Mlatilik-Zsolt-300x199.jpg 300w, https:\/\/mlatilikzsolt.hu\/wp-content\/uploads\/2025\/08\/Mlatilik-Zsolt-1024x680.jpg 1024w, https:\/\/mlatilikzsolt.hu\/wp-content\/uploads\/2025\/08\/Mlatilik-Zsolt-768x510.jpg 768w, https:\/\/mlatilikzsolt.hu\/wp-content\/uploads\/2025\/08\/Mlatilik-Zsolt-1536x1020.jpg 1536w, https:\/\/mlatilikzsolt.hu\/wp-content\/uploads\/2025\/08\/Mlatilik-Zsolt-2048x1360.jpg 2048w\" sizes=\"auto, (max-width: 2560px) 100vw, 2560px\" \/><\/figure>\n<\/div>\n\n\n\n<div class=\"wp-block-column is-vertically-aligned-center is-layout-flow wp-block-column-is-layout-flow\">\n<div class=\"wp-block-group is-vertical is-content-justification-stretch is-layout-flex wp-container-core-group-is-layout-353c4f5a wp-block-group-is-layout-flex\">\n<h2 class=\"wp-block-heading has-text-align-left\">Mlatilik Zsolt<\/h2>\n\n\n\n<p>I love to explore, experiment, and understand how the world works. I have always been fascinated by the genuine curiosity with which children are able to learn about the world. I think I have managed to keep some of this curiosity in myself. The famous psychologist P\u00e9ter Popper once described himself this way: \u201cI am like a dog. I run up to everything, I look at it. I sniff around more thoroughly when I find something interesting. But after a while I keep running.\u201d That\u2019s kind of how I think of myself.<\/p>\n\n\n\n<p>There are two things that have stayed with me since childhood: programming and my fascination with artificial intelligence. Although I have tried many things, especially in technical fields, these topics have always drawn me back to them. I am currently in the process of changing careers and am consciously moving towards artificial intelligence. It is important for me to quickly understand systems and connections, and I am happy when I can learn something new.<\/p>\n\n\n\n<p>I am not a very sociable person, I feel more at home in personal conversations and spend a lot of time in quiet contemplation. This website and blog is a space for me to present my own projects, share my thoughts, and trace the path that leads me into the world of programming and artificial intelligence.<\/p>\n<\/div>\n<\/div>\n<\/div>\n<\/div>","protected":false},"excerpt":{"rendered":"<p>Mlatilik Zsolt Szeretek felfedezni, k\u00eds\u00e9rletezni, meg\u00e9rteni, hogyan m\u0171k\u00f6dik a vil\u00e1g. Mindig leny\u0171g\u00f6z\u00f6tt az az \u0151szinte kiv\u00e1csis\u00e1g, amivel a gyerekek k\u00e9pesek a vil\u00e1got megismerni. Azt hiszem, siker\u00fclt magamban valamit megtartani ebb\u0151l a kiv\u00e1ncsis\u00e1gb\u00f3l. Egyszer Popper P\u00e9ter, a h\u00edres pszichol\u00f3gus \u00edgy jellemezte mag\u00e1t: &#8222;Olyan vagyok, mint a kutya. Mindenhez odaszaladok, megn\u00e9zem. Ami \u00e9rdekesebb, azt alaposabban k\u00f6r\u00fclszagl\u00e1szom. De [&hellip;]<\/p>","protected":false},"author":1,"featured_media":0,"parent":0,"menu_order":0,"comment_status":"closed","ping_status":"closed","template":"page-no-title","meta":{"iawp_total_views":6,"footnotes":""},"class_list":["post-27","page","type-page","status-publish","hentry"],"featured_image_src":null,"_links":{"self":[{"href":"https:\/\/mlatilikzsolt.hu\/en\/wp-json\/wp\/v2\/pages\/27","targetHints":{"allow":["GET"]}}],"collection":[{"href":"https:\/\/mlatilikzsolt.hu\/en\/wp-json\/wp\/v2\/pages"}],"about":[{"href":"https:\/\/mlatilikzsolt.hu\/en\/wp-json\/wp\/v2\/types\/page"}],"author":[{"embeddable":true,"href":"https:\/\/mlatilikzsolt.hu\/en\/wp-json\/wp\/v2\/users\/1"}],"replies":[{"embeddable":true,"href":"https:\/\/mlatilikzsolt.hu\/en\/wp-json\/wp\/v2\/comments?post=27"}],"version-history":[{"count":4,"href":"https:\/\/mlatilikzsolt.hu\/en\/wp-json\/wp\/v2\/pages\/27\/revisions"}],"predecessor-version":[{"id":56,"href":"https:\/\/mlatilikzsolt.hu\/en\/wp-json\/wp\/v2\/pages\/27\/revisions\/56"}],"wp:attachment":[{"href":"https:\/\/mlatilikzsolt.hu\/en\/wp-json\/wp\/v2\/media?parent=27"}],"curies":[{"name":"wp","href":"https:\/\/api.w.org\/{rel}","templated":true}]}}